{"id":9923,"date":"2021-11-26T11:36:29","date_gmt":"2021-11-26T11:36:29","guid":{"rendered":"https:\/\/castelhano-ferreira.pt\/?page_id=9923"},"modified":"2023-02-02T16:30:57","modified_gmt":"2023-02-02T16:30:57","slug":"project-planoffice","status":"publish","type":"page","link":"https:\/\/planoffice.com\/index.php\/project-planoffice\/","title":{"rendered":"Project &#8211;  Planoffice"},"content":{"rendered":"\t\t<div data-elementor-type=\"wp-page\" data-elementor-id=\"9923\" class=\"elementor elementor-9923\" data-elementor-settings=\"[]\">\n\t\t\t\t\t\t<div class=\"elementor-inner\">\n\t\t\t\t\t\t\t<div class=\"elementor-section-wrap\">\n\t\t\t\t\t\t\t<section class=\"elementor-section elementor-top-section elementor-element elementor-element-1f9414f elementor-section-full_width elementor-section-stretched elementor-section-height-min-height animated-slow elementor-section-height-default elementor-section-items-middle\" data-id=\"1f9414f\" data-element_type=\"section\" id=\"AOC\" data-settings=\"{&quot;stretch_section&quot;:&quot;section-stretched&quot;,&quot;background_background&quot;:&quot;classic&quot;,&quot;animation&quot;:&quot;none&quot;}\">\n\t\t\t\t\t\t\t<div class=\"elementor-background-overlay\"><\/div>\n\t\t\t\t\t\t\t<div class=\"elementor-container elementor-column-gap-no\">\n\t\t\t\t\t\t\t<div class=\"elementor-row\">\n\t\t\t\t\t<div class=\"elementor-column elementor-col-100 elementor-top-column elementor-element elementor-element-185f9eb9\" data-id=\"185f9eb9\" data-element_type=\"column\">\n\t\t\t<div class=\"elementor-column-wrap\">\n\t\t\t\t\t\t\t<div class=\"elementor-widget-wrap\">\n\t\t\t\t\t\t\t\t<\/div>\n\t\t\t\t\t<\/div>\n\t\t<\/div>\n\t\t\t\t\t\t\t\t<\/div>\n\t\t\t\t\t<\/div>\n\t\t<\/section>\n\t\t\t\t<section class=\"elementor-section elementor-top-section elementor-element elementor-element-5922d99d elementor-section-full_width elementor-section-height-default elementor-section-height-default\" data-id=\"5922d99d\" data-element_type=\"section\" id=\"nova sede\">\n\t\t\t\t\t\t\t<div class=\"elementor-background-overlay\"><\/div>\n\t\t\t\t\t\t\t<div class=\"elementor-container elementor-column-gap-default\">\n\t\t\t\t\t\t\t<div class=\"elementor-row\">\n\t\t\t\t\t<div class=\"elementor-column elementor-col-50 elementor-top-column elementor-element elementor-element-b606d5f\" data-id=\"b606d5f\" data-element_type=\"column\">\n\t\t\t<div class=\"elementor-column-wrap elementor-element-populated\">\n\t\t\t\t\t\t\t<div class=\"elementor-widget-wrap\">\n\t\t\t\t\t\t<div class=\"elementor-element elementor-element-3511e72 elementor-widget elementor-widget-text-editor\" data-id=\"3511e72\" data-element_type=\"widget\" data-widget_type=\"text-editor.default\">\n\t\t\t\t<div class=\"elementor-widget-container\">\n\t\t\t\t\t\t\t\t<div class=\"elementor-text-editor elementor-clearfix\">\n\t\t\t\t\t<p style=\"caret-color: #000000; color: #000000; letter-spacing: normal; text-align: start;\"><strong>Client |<\/strong> LT Project<\/p><p style=\"caret-color: #000000; color: #000000; letter-spacing: normal; text-align: start;\"><strong>Location |<\/strong> Vilnius, Lithuania<\/p><p style=\"caret-color: #000000; color: #000000; letter-spacing: normal; text-align: start;\"><strong>Typology | <\/strong><span lang=\"PT\">MOWA<\/span><\/p><p style=\"caret-color: #000000; color: #000000; letter-spacing: normal; text-align: start;\"><strong>Solutions Included | <\/strong><span lang=\"EN-GB\">Alma Movable Wall<\/span><\/p><p style=\"caret-color: #000000; color: #000000; letter-spacing: normal; text-align: start;\"><span lang=\"EN-GB\"><strong>Credits |<\/strong> JTI BALTIC office in Vilnius. Interior design: Un\u0117 Kavaliauskait\u0117, Laima Aleknavi\u010dien\u0117. Furniture: LT.PROJECT. Movable Walls: Planoffice \u2013 Acoustics &amp; Partitions. Project management: LT.PROJECT. Photo: Norbert Tukaj.<\/span><\/p>\t\t\t\t\t<\/div>\n\t\t\t\t\t\t<\/div>\n\t\t\t\t<\/div>\n\t\t\t\t\t\t<\/div>\n\t\t\t\t\t<\/div>\n\t\t<\/div>\n\t\t\t\t<div class=\"elementor-column elementor-col-50 elementor-top-column elementor-element elementor-element-3c058de\" data-id=\"3c058de\" data-element_type=\"column\" data-settings=\"{&quot;background_background&quot;:&quot;classic&quot;}\">\n\t\t\t<div class=\"elementor-column-wrap elementor-element-populated\">\n\t\t\t\t\t\t\t<div class=\"elementor-widget-wrap\">\n\t\t\t\t\t\t<div class=\"elementor-element elementor-element-2987a8c elementor-widget elementor-widget-spacer\" data-id=\"2987a8c\" data-element_type=\"widget\" data-widget_type=\"spacer.default\">\n\t\t\t\t<div class=\"elementor-widget-container\">\n\t\t\t\t\t<div class=\"elementor-spacer\">\n\t\t\t<div class=\"elementor-spacer-inner\"><\/div>\n\t\t<\/div>\n\t\t\t\t<\/div>\n\t\t\t\t<\/div>\n\t\t\t\t\t\t<\/div>\n\t\t\t\t\t<\/div>\n\t\t<\/div>\n\t\t\t\t\t\t\t\t<\/div>\n\t\t\t\t\t<\/div>\n\t\t<\/section>\n\t\t\t\t<section class=\"elementor-section elementor-top-section elementor-element elementor-element-d465195 elementor-section-full_width elementor-section-height-default elementor-section-height-default\" data-id=\"d465195\" data-element_type=\"section\">\n\t\t\t\t\t\t<div class=\"elementor-container elementor-column-gap-default\">\n\t\t\t\t\t\t\t<div class=\"elementor-row\">\n\t\t\t\t\t<div class=\"elementor-column elementor-col-100 elementor-top-column elementor-element elementor-element-f8e0319\" data-id=\"f8e0319\" data-element_type=\"column\">\n\t\t\t<div class=\"elementor-column-wrap elementor-element-populated\">\n\t\t\t\t\t\t\t<div class=\"elementor-widget-wrap\">\n\t\t\t\t\t\t<div class=\"elementor-element elementor-element-977da04 elementor--h-position-center elementor--v-position-middle elementor-arrows-position-inside elementor-widget elementor-widget-slides\" data-id=\"977da04\" data-element_type=\"widget\" data-settings=\"{&quot;navigation&quot;:&quot;arrows&quot;,&quot;autoplay_speed&quot;:3000,&quot;transition_speed&quot;:1500,&quot;autoplay&quot;:&quot;yes&quot;,&quot;infinite&quot;:&quot;yes&quot;,&quot;transition&quot;:&quot;slide&quot;}\" data-widget_type=\"slides.default\">\n\t\t\t\t<div class=\"elementor-widget-container\">\n\t\t\t\t\t<div class=\"elementor-swiper\">\n\t\t\t<div class=\"elementor-slides-wrapper elementor-main-swiper swiper-container\" dir=\"ltr\" data-animation=\"fadeInUp\">\n\t\t\t\t<div class=\"swiper-wrapper elementor-slides\">\n\t\t\t\t\t<div class=\"elementor-repeater-item-9889248 swiper-slide\"><div class=\"swiper-slide-bg\"><\/div><div class=\"swiper-slide-inner\" ><div class=\"swiper-slide-contents\"><\/div><\/div><\/div><div class=\"elementor-repeater-item-f143dee swiper-slide\"><div class=\"swiper-slide-bg\"><\/div><div class=\"swiper-slide-inner\" ><div class=\"swiper-slide-contents\"><\/div><\/div><\/div>\t\t\t\t<\/div>\n\t\t\t\t\t\t\t\t\t\t\t\t\t\t\t\t\t\t\t\t<div class=\"elementor-swiper-button elementor-swiper-button-prev\">\n\t\t\t\t\t\t\t<i class=\"eicon-chevron-left\" aria-hidden=\"true\"><\/i>\n\t\t\t\t\t\t\t<span class=\"elementor-screen-only\">Previous<\/span>\n\t\t\t\t\t\t<\/div>\n\t\t\t\t\t\t<div class=\"elementor-swiper-button elementor-swiper-button-next\">\n\t\t\t\t\t\t\t<i class=\"eicon-chevron-right\" aria-hidden=\"true\"><\/i>\n\t\t\t\t\t\t\t<span class=\"elementor-screen-only\">Next<\/span>\n\t\t\t\t\t\t<\/div>\n\t\t\t\t\t\t\t\t\t\t\t\t<\/div>\n\t\t<\/div>\n\t\t\t\t<\/div>\n\t\t\t\t<\/div>\n\t\t\t\t\t\t<\/div>\n\t\t\t\t\t<\/div>\n\t\t<\/div>\n\t\t\t\t\t\t\t\t<\/div>\n\t\t\t\t\t<\/div>\n\t\t<\/section>\n\t\t\t\t\t\t<\/div>\n\t\t\t\t\t\t<\/div>\n\t\t\t\t\t<\/div>\n\t\t","protected":false},"excerpt":{"rendered":"<p>Client | LT Project Location | Vilnius, Lithuania Typology | MOWA Solutions Included | Alma Movable Wall Credits | JTI BALTIC office in Vilnius. Interior design: Un\u0117 Kavaliauskait\u0117, Laima Aleknavi\u010dien\u0117. Furniture: LT.PROJECT. Movable Walls: Planoffice \u2013 Acoustics &amp; Partitions. Project management: LT.PROJECT. Photo: Norbert Tukaj. Previous Next<\/p>\n","protected":false},"author":3,"featured_media":0,"parent":0,"menu_order":0,"comment_status":"closed","ping_status":"closed","template":"elementor_header_footer","meta":[],"yoast_head":"<!-- This site is optimized with the Yoast SEO plugin v17.3 - https:\/\/yoast.com\/wordpress\/plugins\/seo\/ -->\n<title>Project - Planoffice - Planoffice<\/title>\n<meta name=\"robots\" content=\"index, follow, max-snippet:-1, max-image-preview:large, max-video-preview:-1\" \/>\n<link rel=\"canonical\" href=\"https:\/\/planoffice.com\/index.php\/project-planoffice\/\" \/>\n<meta property=\"og:locale\" content=\"en_US\" \/>\n<meta property=\"og:type\" content=\"article\" \/>\n<meta property=\"og:title\" content=\"Project - Planoffice - Planoffice\" \/>\n<meta property=\"og:description\" content=\"Client | LT Project Location | Vilnius, Lithuania Typology | MOWA Solutions Included | Alma Movable Wall Credits | JTI BALTIC office in Vilnius. Interior design: Un\u0117 Kavaliauskait\u0117, Laima Aleknavi\u010dien\u0117. Furniture: LT.PROJECT. Movable Walls: Planoffice \u2013 Acoustics &amp; Partitions. Project management: LT.PROJECT. Photo: Norbert Tukaj. Previous Next\" \/>\n<meta property=\"og:url\" content=\"https:\/\/planoffice.com\/index.php\/project-planoffice\/\" \/>\n<meta property=\"og:site_name\" content=\"Planoffice\" \/>\n<meta property=\"article:modified_time\" content=\"2023-02-02T16:30:57+00:00\" \/>\n<meta name=\"twitter:card\" content=\"summary_large_image\" \/>\n<meta name=\"twitter:label1\" content=\"Est. reading time\" \/>\n\t<meta name=\"twitter:data1\" content=\"1 minute\" \/>\n<script type=\"application\/ld+json\" class=\"yoast-schema-graph\">{\"@context\":\"https:\/\/schema.org\",\"@graph\":[{\"@type\":\"WebSite\",\"@id\":\"https:\/\/planoffice.com\/#website\",\"url\":\"https:\/\/planoffice.com\/\",\"name\":\"Planoffice\",\"description\":\"\",\"potentialAction\":[{\"@type\":\"SearchAction\",\"target\":{\"@type\":\"EntryPoint\",\"urlTemplate\":\"https:\/\/planoffice.com\/?s={search_term_string}\"},\"query-input\":\"required name=search_term_string\"}],\"inLanguage\":\"en-US\"},{\"@type\":\"WebPage\",\"@id\":\"https:\/\/planoffice.com\/index.php\/project-planoffice\/#webpage\",\"url\":\"https:\/\/planoffice.com\/index.php\/project-planoffice\/\",\"name\":\"Project - Planoffice - Planoffice\",\"isPartOf\":{\"@id\":\"https:\/\/planoffice.com\/#website\"},\"datePublished\":\"2021-11-26T11:36:29+00:00\",\"dateModified\":\"2023-02-02T16:30:57+00:00\",\"breadcrumb\":{\"@id\":\"https:\/\/planoffice.com\/index.php\/project-planoffice\/#breadcrumb\"},\"inLanguage\":\"en-US\",\"potentialAction\":[{\"@type\":\"ReadAction\",\"target\":[\"https:\/\/planoffice.com\/index.php\/project-planoffice\/\"]}]},{\"@type\":\"BreadcrumbList\",\"@id\":\"https:\/\/planoffice.com\/index.php\/project-planoffice\/#breadcrumb\",\"itemListElement\":[{\"@type\":\"ListItem\",\"position\":1,\"name\":\"Home\",\"item\":\"https:\/\/planoffice.com\/\"},{\"@type\":\"ListItem\",\"position\":2,\"name\":\"Project &#8211; Planoffice\"}]}]}<\/script>\n<!-- \/ Yoast SEO plugin. -->","yoast_head_json":{"title":"Project - Planoffice - Planoffice","robots":{"index":"index","follow":"follow","max-snippet":"max-snippet:-1","max-image-preview":"max-image-preview:large","max-video-preview":"max-video-preview:-1"},"canonical":"https:\/\/planoffice.com\/index.php\/project-planoffice\/","og_locale":"en_US","og_type":"article","og_title":"Project - Planoffice - Planoffice","og_description":"Client | LT Project Location | Vilnius, Lithuania Typology | MOWA Solutions Included | Alma Movable Wall Credits | JTI BALTIC office in Vilnius. Interior design: Un\u0117 Kavaliauskait\u0117, Laima Aleknavi\u010dien\u0117. Furniture: LT.PROJECT. Movable Walls: Planoffice \u2013 Acoustics &amp; Partitions. Project management: LT.PROJECT. Photo: Norbert Tukaj. Previous Next","og_url":"https:\/\/planoffice.com\/index.php\/project-planoffice\/","og_site_name":"Planoffice","article_modified_time":"2023-02-02T16:30:57+00:00","twitter_card":"summary_large_image","twitter_misc":{"Est. reading time":"1 minute"},"schema":{"@context":"https:\/\/schema.org","@graph":[{"@type":"WebSite","@id":"https:\/\/planoffice.com\/#website","url":"https:\/\/planoffice.com\/","name":"Planoffice","description":"","potentialAction":[{"@type":"SearchAction","target":{"@type":"EntryPoint","urlTemplate":"https:\/\/planoffice.com\/?s={search_term_string}"},"query-input":"required name=search_term_string"}],"inLanguage":"en-US"},{"@type":"WebPage","@id":"https:\/\/planoffice.com\/index.php\/project-planoffice\/#webpage","url":"https:\/\/planoffice.com\/index.php\/project-planoffice\/","name":"Project - Planoffice - Planoffice","isPartOf":{"@id":"https:\/\/planoffice.com\/#website"},"datePublished":"2021-11-26T11:36:29+00:00","dateModified":"2023-02-02T16:30:57+00:00","breadcrumb":{"@id":"https:\/\/planoffice.com\/index.php\/project-planoffice\/#breadcrumb"},"inLanguage":"en-US","potentialAction":[{"@type":"ReadAction","target":["https:\/\/planoffice.com\/index.php\/project-planoffice\/"]}]},{"@type":"BreadcrumbList","@id":"https:\/\/planoffice.com\/index.php\/project-planoffice\/#breadcrumb","itemListElement":[{"@type":"ListItem","position":1,"name":"Home","item":"https:\/\/planoffice.com\/"},{"@type":"ListItem","position":2,"name":"Project &#8211; Planoffice"}]}]}},"_links":{"self":[{"href":"https:\/\/planoffice.com\/index.php\/wp-json\/wp\/v2\/pages\/9923"}],"collection":[{"href":"https:\/\/planoffice.com\/index.php\/wp-json\/wp\/v2\/pages"}],"about":[{"href":"https:\/\/planoffice.com\/index.php\/wp-json\/wp\/v2\/types\/page"}],"author":[{"embeddable":true,"href":"https:\/\/planoffice.com\/index.php\/wp-json\/wp\/v2\/users\/3"}],"replies":[{"embeddable":true,"href":"https:\/\/planoffice.com\/index.php\/wp-json\/wp\/v2\/comments?post=9923"}],"version-history":[{"count":60,"href":"https:\/\/planoffice.com\/index.php\/wp-json\/wp\/v2\/pages\/9923\/revisions"}],"predecessor-version":[{"id":12627,"href":"https:\/\/planoffice.com\/index.php\/wp-json\/wp\/v2\/pages\/9923\/revisions\/12627"}],"wp:attachment":[{"href":"https:\/\/planoffice.com\/index.php\/wp-json\/wp\/v2\/media?parent=9923"}],"curies":[{"name":"wp","href":"https:\/\/api.w.org\/{rel}","templated":true}]}}