{"id":12097,"date":"2022-11-04T10:47:23","date_gmt":"2022-11-04T10:47:23","guid":{"rendered":"https:\/\/developer.blink-eye.com\/planoffice\/?page_id=12097"},"modified":"2022-11-04T10:49:10","modified_gmt":"2022-11-04T10:49:10","slug":"feuilletes-et-lamines","status":"publish","type":"page","link":"https:\/\/planoffice.com\/index.php\/fr\/feuilletes-et-lamines\/","title":{"rendered":"Feuillet\u00e9s et Lamin\u00e9s"},"content":{"rendered":"\t\t<div data-elementor-type=\"wp-page\" data-elementor-id=\"12097\" class=\"elementor elementor-12097\" data-elementor-settings=\"[]\">\n\t\t\t\t\t\t<div class=\"elementor-inner\">\n\t\t\t\t\t\t\t<div class=\"elementor-section-wrap\">\n\t\t\t\t\t\t\t<section class=\"elementor-section elementor-top-section elementor-element elementor-element-533a36b elementor-section-height-min-height elementor-section-boxed elementor-section-height-default elementor-section-items-middle\" data-id=\"533a36b\" data-element_type=\"section\" data-settings=\"{&quot;background_background&quot;:&quot;classic&quot;}\">\n\t\t\t\t\t\t<div class=\"elementor-container elementor-column-gap-default\">\n\t\t\t\t\t\t\t<div class=\"elementor-row\">\n\t\t\t\t\t<div class=\"elementor-column elementor-col-100 elementor-top-column elementor-element elementor-element-17d3e4c5\" data-id=\"17d3e4c5\" data-element_type=\"column\">\n\t\t\t<div class=\"elementor-column-wrap elementor-element-populated\">\n\t\t\t\t\t\t\t<div class=\"elementor-widget-wrap\">\n\t\t\t\t\t\t<div class=\"elementor-element elementor-element-217d90fb elementor-widget elementor-widget-heading\" data-id=\"217d90fb\" data-element_type=\"widget\" data-widget_type=\"heading.default\">\n\t\t\t\t<div class=\"elementor-widget-container\">\n\t\t\t<h2 class=\"elementor-heading-title elementor-size-default\">FINITIONS<\/h2>\t\t<\/div>\n\t\t\t\t<\/div>\n\t\t\t\t<div class=\"elementor-element elementor-element-37e8ee1c elementor-widget-divider--view-line elementor-widget elementor-widget-divider\" data-id=\"37e8ee1c\" data-element_type=\"widget\" data-widget_type=\"divider.default\">\n\t\t\t\t<div class=\"elementor-widget-container\">\n\t\t\t\t\t<div class=\"elementor-divider\">\n\t\t\t<span class=\"elementor-divider-separator\">\n\t\t\t\t\t\t<\/span>\n\t\t<\/div>\n\t\t\t\t<\/div>\n\t\t\t\t<\/div>\n\t\t\t\t<div class=\"elementor-element elementor-element-5b4e1ae2 elementor-widget elementor-widget-heading\" data-id=\"5b4e1ae2\" data-element_type=\"widget\" data-widget_type=\"heading.default\">\n\t\t\t\t<div class=\"elementor-widget-container\">\n\t\t\t<h2 class=\"elementor-heading-title elementor-size-default\">Feuillet\u00e9s<\/h2>\t\t<\/div>\n\t\t\t\t<\/div>\n\t\t\t\t<div class=\"elementor-element elementor-element-31c11fba gallery-spacing-custom elementor-widget elementor-widget-image-gallery\" data-id=\"31c11fba\" data-element_type=\"widget\" data-widget_type=\"image-gallery.default\">\n\t\t\t\t<div class=\"elementor-widget-container\">\n\t\t\t\t\t<div class=\"elementor-image-gallery\">\n\t\t\t<div id='gallery-1' class='gallery galleryid-12097 gallery-columns-7 gallery-size-thumbnail'><figure class='gallery-item'>\n\t\t\t<div class='gallery-icon landscape'>\n\t\t\t\t<img width=\"150\" height=\"150\" src=\"https:\/\/planoffice.com\/wp-content\/uploads\/2021\/12\/Beech-1-150x150.jpg\" class=\"attachment-thumbnail size-thumbnail\" alt=\"\" loading=\"lazy\" aria-describedby=\"gallery-1-12076\" srcset=\"https:\/\/planoffice.com\/wp-content\/uploads\/2021\/12\/Beech-1-150x150.jpg 150w, https:\/\/planoffice.com\/wp-content\/uploads\/2021\/12\/Beech-1-300x300.jpg 300w, https:\/\/planoffice.com\/wp-content\/uploads\/2021\/12\/Beech-1-450x450.jpg 450w, https:\/\/planoffice.com\/wp-content\/uploads\/2021\/12\/Beech-1-100x100.jpg 100w, https:\/\/planoffice.com\/wp-content\/uploads\/2021\/12\/Beech-1.jpg 600w\" sizes=\"(max-width: 150px) 100vw, 150px\" \/>\n\t\t\t<\/div>\n\t\t\t\t<figcaption class='wp-caption-text gallery-caption' id='gallery-1-12076'>\n\t\t\t\tH\u00eatre\n\t\t\t\t<\/figcaption><\/figure><figure class='gallery-item'>\n\t\t\t<div class='gallery-icon portrait'>\n\t\t\t\t<img width=\"150\" height=\"150\" src=\"https:\/\/planoffice.com\/wp-content\/uploads\/2021\/12\/Birch-150x150.jpg\" class=\"attachment-thumbnail size-thumbnail\" alt=\"\" loading=\"lazy\" aria-describedby=\"gallery-1-12079\" srcset=\"https:\/\/planoffice.com\/wp-content\/uploads\/2021\/12\/Birch-150x150.jpg 150w, https:\/\/planoffice.com\/wp-content\/uploads\/2021\/12\/Birch-450x450.jpg 450w, https:\/\/planoffice.com\/wp-content\/uploads\/2021\/12\/Birch-100x100.jpg 100w\" sizes=\"(max-width: 150px) 100vw, 150px\" \/>\n\t\t\t<\/div>\n\t\t\t\t<figcaption class='wp-caption-text gallery-caption' id='gallery-1-12079'>\n\t\t\t\tBirch\n\t\t\t\t<\/figcaption><\/figure><figure class='gallery-item'>\n\t\t\t<div class='gallery-icon landscape'>\n\t\t\t\t<img width=\"150\" height=\"150\" src=\"https:\/\/planoffice.com\/wp-content\/uploads\/2021\/12\/Maple-2-150x150.jpg\" class=\"attachment-thumbnail size-thumbnail\" alt=\"\" loading=\"lazy\" aria-describedby=\"gallery-1-12071\" srcset=\"https:\/\/planoffice.com\/wp-content\/uploads\/2021\/12\/Maple-2-150x150.jpg 150w, https:\/\/planoffice.com\/wp-content\/uploads\/2021\/12\/Maple-2-100x100.jpg 100w\" sizes=\"(max-width: 150px) 100vw, 150px\" \/>\n\t\t\t<\/div>\n\t\t\t\t<figcaption class='wp-caption-text gallery-caption' id='gallery-1-12071'>\n\t\t\t\t\u00c9rable\n\t\t\t\t<\/figcaption><\/figure><figure class='gallery-item'>\n\t\t\t<div class='gallery-icon portrait'>\n\t\t\t\t<img width=\"150\" height=\"150\" src=\"https:\/\/planoffice.com\/wp-content\/uploads\/2021\/12\/Ash-1-150x150.jpg\" class=\"attachment-thumbnail size-thumbnail\" alt=\"\" loading=\"lazy\" aria-describedby=\"gallery-1-12077\" srcset=\"https:\/\/planoffice.com\/wp-content\/uploads\/2021\/12\/Ash-1-150x150.jpg 150w, https:\/\/planoffice.com\/wp-content\/uploads\/2021\/12\/Ash-1-450x450.jpg 450w, https:\/\/planoffice.com\/wp-content\/uploads\/2021\/12\/Ash-1-100x100.jpg 100w\" sizes=\"(max-width: 150px) 100vw, 150px\" \/>\n\t\t\t<\/div>\n\t\t\t\t<figcaption class='wp-caption-text gallery-caption' id='gallery-1-12077'>\n\t\t\t\tFr\u00eane\n\t\t\t\t<\/figcaption><\/figure><figure class='gallery-item'>\n\t\t\t<div class='gallery-icon landscape'>\n\t\t\t\t<img width=\"150\" height=\"150\" src=\"https:\/\/planoffice.com\/wp-content\/uploads\/2021\/12\/Oak-1-150x150.jpg\" class=\"attachment-thumbnail size-thumbnail\" alt=\"\" loading=\"lazy\" aria-describedby=\"gallery-1-12070\" srcset=\"https:\/\/planoffice.com\/wp-content\/uploads\/2021\/12\/Oak-1-150x150.jpg 150w, https:\/\/planoffice.com\/wp-content\/uploads\/2021\/12\/Oak-1-100x100.jpg 100w\" sizes=\"(max-width: 150px) 100vw, 150px\" \/>\n\t\t\t<\/div>\n\t\t\t\t<figcaption class='wp-caption-text gallery-caption' id='gallery-1-12070'>\n\t\t\t\tCh\u00eane\n\t\t\t\t<\/figcaption><\/figure><figure class='gallery-item'>\n\t\t\t<div class='gallery-icon landscape'>\n\t\t\t\t<img width=\"150\" height=\"150\" src=\"https:\/\/planoffice.com\/wp-content\/uploads\/2021\/12\/Cherry-1-150x150.jpg\" class=\"attachment-thumbnail size-thumbnail\" alt=\"\" loading=\"lazy\" aria-describedby=\"gallery-1-12073\" srcset=\"https:\/\/planoffice.com\/wp-content\/uploads\/2021\/12\/Cherry-1-150x150.jpg 150w, https:\/\/planoffice.com\/wp-content\/uploads\/2021\/12\/Cherry-1-100x100.jpg 100w\" sizes=\"(max-width: 150px) 100vw, 150px\" \/>\n\t\t\t<\/div>\n\t\t\t\t<figcaption class='wp-caption-text gallery-caption' id='gallery-1-12073'>\n\t\t\t\tCerisier\n\t\t\t\t<\/figcaption><\/figure><figure class='gallery-item'>\n\t\t\t<div class='gallery-icon landscape'>\n\t\t\t\t<img width=\"150\" height=\"150\" src=\"https:\/\/planoffice.com\/wp-content\/uploads\/2021\/12\/Walnut-1-150x150.jpg\" class=\"attachment-thumbnail size-thumbnail\" alt=\"\" loading=\"lazy\" aria-describedby=\"gallery-1-12069\" srcset=\"https:\/\/planoffice.com\/wp-content\/uploads\/2021\/12\/Walnut-1-150x150.jpg 150w, https:\/\/planoffice.com\/wp-content\/uploads\/2021\/12\/Walnut-1-100x100.jpg 100w\" sizes=\"(max-width: 150px) 100vw, 150px\" \/>\n\t\t\t<\/div>\n\t\t\t\t<figcaption class='wp-caption-text gallery-caption' id='gallery-1-12069'>\n\t\t\t\tNoyer\n\t\t\t\t<\/figcaption><\/figure>\n\t\t<\/div>\n\t\t<\/div>\n\t\t\t\t<\/div>\n\t\t\t\t<\/div>\n\t\t\t\t\t\t<\/div>\n\t\t\t\t\t<\/div>\n\t\t<\/div>\n\t\t\t\t\t\t\t\t<\/div>\n\t\t\t\t\t<\/div>\n\t\t<\/section>\n\t\t\t\t<section class=\"elementor-section elementor-top-section elementor-element elementor-element-3b71ee91 elementor-section-height-min-height elementor-section-boxed elementor-section-height-default elementor-section-items-middle\" data-id=\"3b71ee91\" data-element_type=\"section\">\n\t\t\t\t\t\t\t<div class=\"elementor-background-overlay\"><\/div>\n\t\t\t\t\t\t\t<div class=\"elementor-container elementor-column-gap-default\">\n\t\t\t\t\t\t\t<div class=\"elementor-row\">\n\t\t\t\t\t<div class=\"elementor-column elementor-col-100 elementor-top-column elementor-element elementor-element-320fa686\" data-id=\"320fa686\" data-element_type=\"column\">\n\t\t\t<div class=\"elementor-column-wrap elementor-element-populated\">\n\t\t\t\t\t\t\t<div class=\"elementor-widget-wrap\">\n\t\t\t\t\t\t<div class=\"elementor-element elementor-element-4c5a80bb elementor-widget elementor-widget-heading\" data-id=\"4c5a80bb\" data-element_type=\"widget\" data-widget_type=\"heading.default\">\n\t\t\t\t<div class=\"elementor-widget-container\">\n\t\t\t<h2 class=\"elementor-heading-title elementor-size-default\">Lamin\u00e9s<\/h2>\t\t<\/div>\n\t\t\t\t<\/div>\n\t\t\t\t<div class=\"elementor-element elementor-element-4e48f0d0 gallery-spacing-custom elementor-widget elementor-widget-image-gallery\" data-id=\"4e48f0d0\" data-element_type=\"widget\" data-widget_type=\"image-gallery.default\">\n\t\t\t\t<div class=\"elementor-widget-container\">\n\t\t\t\t\t<div class=\"elementor-image-gallery\">\n\t\t\t<div id='gallery-2' class='gallery galleryid-12097 gallery-columns-7 gallery-size-thumbnail'><figure class='gallery-item'>\n\t\t\t<div class='gallery-icon landscape'>\n\t\t\t\t<img width=\"150\" height=\"150\" src=\"https:\/\/planoffice.com\/wp-content\/uploads\/2021\/12\/Beech-1-150x150.jpg\" class=\"attachment-thumbnail size-thumbnail\" alt=\"\" loading=\"lazy\" aria-describedby=\"gallery-2-12076\" srcset=\"https:\/\/planoffice.com\/wp-content\/uploads\/2021\/12\/Beech-1-150x150.jpg 150w, https:\/\/planoffice.com\/wp-content\/uploads\/2021\/12\/Beech-1-300x300.jpg 300w, https:\/\/planoffice.com\/wp-content\/uploads\/2021\/12\/Beech-1-450x450.jpg 450w, https:\/\/planoffice.com\/wp-content\/uploads\/2021\/12\/Beech-1-100x100.jpg 100w, https:\/\/planoffice.com\/wp-content\/uploads\/2021\/12\/Beech-1.jpg 600w\" sizes=\"(max-width: 150px) 100vw, 150px\" \/>\n\t\t\t<\/div>\n\t\t\t\t<figcaption class='wp-caption-text gallery-caption' id='gallery-2-12076'>\n\t\t\t\tH\u00eatre\n\t\t\t\t<\/figcaption><\/figure><figure class='gallery-item'>\n\t\t\t<div class='gallery-icon portrait'>\n\t\t\t\t<img width=\"150\" height=\"150\" src=\"https:\/\/planoffice.com\/wp-content\/uploads\/2021\/12\/Birch-2-150x150.jpg\" class=\"attachment-thumbnail size-thumbnail\" alt=\"\" loading=\"lazy\" aria-describedby=\"gallery-2-12075\" srcset=\"https:\/\/planoffice.com\/wp-content\/uploads\/2021\/12\/Birch-2-150x150.jpg 150w, https:\/\/planoffice.com\/wp-content\/uploads\/2021\/12\/Birch-2-450x450.jpg 450w, https:\/\/planoffice.com\/wp-content\/uploads\/2021\/12\/Birch-2-100x100.jpg 100w\" sizes=\"(max-width: 150px) 100vw, 150px\" \/>\n\t\t\t<\/div>\n\t\t\t\t<figcaption class='wp-caption-text gallery-caption' id='gallery-2-12075'>\n\t\t\t\tBouleau\n\t\t\t\t<\/figcaption><\/figure><figure class='gallery-item'>\n\t\t\t<div class='gallery-icon landscape'>\n\t\t\t\t<img width=\"150\" height=\"150\" src=\"https:\/\/planoffice.com\/wp-content\/uploads\/2021\/12\/Maple-2-150x150.jpg\" class=\"attachment-thumbnail size-thumbnail\" alt=\"\" loading=\"lazy\" aria-describedby=\"gallery-2-12071\" srcset=\"https:\/\/planoffice.com\/wp-content\/uploads\/2021\/12\/Maple-2-150x150.jpg 150w, https:\/\/planoffice.com\/wp-content\/uploads\/2021\/12\/Maple-2-100x100.jpg 100w\" sizes=\"(max-width: 150px) 100vw, 150px\" \/>\n\t\t\t<\/div>\n\t\t\t\t<figcaption class='wp-caption-text gallery-caption' id='gallery-2-12071'>\n\t\t\t\t\u00c9rable\n\t\t\t\t<\/figcaption><\/figure><figure class='gallery-item'>\n\t\t\t<div class='gallery-icon portrait'>\n\t\t\t\t<img width=\"150\" height=\"150\" src=\"https:\/\/planoffice.com\/wp-content\/uploads\/2021\/12\/Ash-1-150x150.jpg\" class=\"attachment-thumbnail size-thumbnail\" alt=\"\" loading=\"lazy\" aria-describedby=\"gallery-2-12077\" srcset=\"https:\/\/planoffice.com\/wp-content\/uploads\/2021\/12\/Ash-1-150x150.jpg 150w, https:\/\/planoffice.com\/wp-content\/uploads\/2021\/12\/Ash-1-450x450.jpg 450w, https:\/\/planoffice.com\/wp-content\/uploads\/2021\/12\/Ash-1-100x100.jpg 100w\" sizes=\"(max-width: 150px) 100vw, 150px\" \/>\n\t\t\t<\/div>\n\t\t\t\t<figcaption class='wp-caption-text gallery-caption' id='gallery-2-12077'>\n\t\t\t\tFr\u00eane\n\t\t\t\t<\/figcaption><\/figure><figure class='gallery-item'>\n\t\t\t<div class='gallery-icon landscape'>\n\t\t\t\t<img width=\"150\" height=\"150\" src=\"https:\/\/planoffice.com\/wp-content\/uploads\/2021\/12\/Oak-1-150x150.jpg\" class=\"attachment-thumbnail size-thumbnail\" alt=\"\" loading=\"lazy\" aria-describedby=\"gallery-2-12070\" srcset=\"https:\/\/planoffice.com\/wp-content\/uploads\/2021\/12\/Oak-1-150x150.jpg 150w, https:\/\/planoffice.com\/wp-content\/uploads\/2021\/12\/Oak-1-100x100.jpg 100w\" sizes=\"(max-width: 150px) 100vw, 150px\" \/>\n\t\t\t<\/div>\n\t\t\t\t<figcaption class='wp-caption-text gallery-caption' id='gallery-2-12070'>\n\t\t\t\tCh\u00eane\n\t\t\t\t<\/figcaption><\/figure><figure class='gallery-item'>\n\t\t\t<div class='gallery-icon landscape'>\n\t\t\t\t<img width=\"150\" height=\"150\" src=\"https:\/\/planoffice.com\/wp-content\/uploads\/2021\/12\/Cherry-1-150x150.jpg\" class=\"attachment-thumbnail size-thumbnail\" alt=\"\" loading=\"lazy\" aria-describedby=\"gallery-2-12073\" srcset=\"https:\/\/planoffice.com\/wp-content\/uploads\/2021\/12\/Cherry-1-150x150.jpg 150w, https:\/\/planoffice.com\/wp-content\/uploads\/2021\/12\/Cherry-1-100x100.jpg 100w\" sizes=\"(max-width: 150px) 100vw, 150px\" \/>\n\t\t\t<\/div>\n\t\t\t\t<figcaption class='wp-caption-text gallery-caption' id='gallery-2-12073'>\n\t\t\t\tCerisier\n\t\t\t\t<\/figcaption><\/figure><figure class='gallery-item'>\n\t\t\t<div class='gallery-icon landscape'>\n\t\t\t\t<img width=\"150\" height=\"150\" src=\"https:\/\/planoffice.com\/wp-content\/uploads\/2021\/12\/Walnut-1-150x150.jpg\" class=\"attachment-thumbnail size-thumbnail\" alt=\"\" loading=\"lazy\" aria-describedby=\"gallery-2-12069\" srcset=\"https:\/\/planoffice.com\/wp-content\/uploads\/2021\/12\/Walnut-1-150x150.jpg 150w, https:\/\/planoffice.com\/wp-content\/uploads\/2021\/12\/Walnut-1-100x100.jpg 100w\" sizes=\"(max-width: 150px) 100vw, 150px\" \/>\n\t\t\t<\/div>\n\t\t\t\t<figcaption class='wp-caption-text gallery-caption' id='gallery-2-12069'>\n\t\t\t\tNoyer\n\t\t\t\t<\/figcaption><\/figure><figure class='gallery-item'>\n\t\t\t<div class='gallery-icon landscape'>\n\t\t\t\t<img width=\"150\" height=\"150\" src=\"https:\/\/planoffice.com\/wp-content\/uploads\/2021\/12\/white-1-150x150.jpg\" class=\"attachment-thumbnail size-thumbnail\" alt=\"\" loading=\"lazy\" aria-describedby=\"gallery-2-12081\" srcset=\"https:\/\/planoffice.com\/wp-content\/uploads\/2021\/12\/white-1-150x150.jpg 150w, https:\/\/planoffice.com\/wp-content\/uploads\/2021\/12\/white-1-100x100.jpg 100w\" sizes=\"(max-width: 150px) 100vw, 150px\" \/>\n\t\t\t<\/div>\n\t\t\t\t<figcaption class='wp-caption-text gallery-caption' id='gallery-2-12081'>\n\t\t\t\tBlanc\n\t\t\t\t<\/figcaption><\/figure><figure class='gallery-item'>\n\t\t\t<div class='gallery-icon landscape'>\n\t\t\t\t<img width=\"150\" height=\"150\" src=\"https:\/\/planoffice.com\/wp-content\/uploads\/2021\/12\/Grey-2-150x150.jpg\" class=\"attachment-thumbnail size-thumbnail\" alt=\"\" loading=\"lazy\" aria-describedby=\"gallery-2-12072\" srcset=\"https:\/\/planoffice.com\/wp-content\/uploads\/2021\/12\/Grey-2-150x150.jpg 150w, https:\/\/planoffice.com\/wp-content\/uploads\/2021\/12\/Grey-2-100x100.jpg 100w\" sizes=\"(max-width: 150px) 100vw, 150px\" \/>\n\t\t\t<\/div>\n\t\t\t\t<figcaption class='wp-caption-text gallery-caption' id='gallery-2-12072'>\n\t\t\t\tGris\n\t\t\t\t<\/figcaption><\/figure><figure class='gallery-item'>\n\t\t\t<div class='gallery-icon landscape'>\n\t\t\t\t<img width=\"150\" height=\"150\" src=\"https:\/\/planoffice.com\/wp-content\/uploads\/2021\/12\/Black-2-150x150.jpg\" class=\"attachment-thumbnail size-thumbnail\" alt=\"\" loading=\"lazy\" aria-describedby=\"gallery-2-12074\" srcset=\"https:\/\/planoffice.com\/wp-content\/uploads\/2021\/12\/Black-2-150x150.jpg 150w, https:\/\/planoffice.com\/wp-content\/uploads\/2021\/12\/Black-2-100x100.jpg 100w\" sizes=\"(max-width: 150px) 100vw, 150px\" \/>\n\t\t\t<\/div>\n\t\t\t\t<figcaption class='wp-caption-text gallery-caption' id='gallery-2-12074'>\n\t\t\t\tNoir\n\t\t\t\t<\/figcaption><\/figure>\n\t\t<\/div>\n\t\t<\/div>\n\t\t\t\t<\/div>\n\t\t\t\t<\/div>\n\t\t\t\t\t\t<\/div>\n\t\t\t\t\t<\/div>\n\t\t<\/div>\n\t\t\t\t\t\t\t\t<\/div>\n\t\t\t\t\t<\/div>\n\t\t<\/section>\n\t\t\t\t\t\t<\/div>\n\t\t\t\t\t\t<\/div>\n\t\t\t\t\t<\/div>\n\t\t","protected":false},"excerpt":{"rendered":"<p>FINITIONS Feuillet\u00e9s H\u00eatre Birch \u00c9rable Fr\u00eane Ch\u00eane Cerisier Noyer Lamin\u00e9s H\u00eatre Bouleau \u00c9rable Fr\u00eane Ch\u00eane Cerisier Noyer Blanc Gris Noir<\/p>\n","protected":false},"author":3,"featured_media":0,"parent":0,"menu_order":0,"comment_status":"closed","ping_status":"closed","template":"elementor_header_footer","meta":[],"yoast_head":"<!-- This site is optimized with the Yoast SEO plugin v17.3 - https:\/\/yoast.com\/wordpress\/plugins\/seo\/ -->\n<title>Feuillet\u00e9s et Lamin\u00e9s - Planoffice<\/title>\n<meta name=\"robots\" content=\"index, follow, max-snippet:-1, max-image-preview:large, max-video-preview:-1\" \/>\n<link rel=\"canonical\" href=\"https:\/\/planoffice.com\/index.php\/fr\/feuilletes-et-lamines\/\" \/>\n<meta property=\"og:locale\" content=\"en_US\" \/>\n<meta property=\"og:type\" content=\"article\" \/>\n<meta property=\"og:title\" content=\"Feuillet\u00e9s et Lamin\u00e9s - Planoffice\" \/>\n<meta property=\"og:description\" content=\"FINITIONS Feuillet\u00e9s H\u00eatre Birch \u00c9rable Fr\u00eane Ch\u00eane Cerisier Noyer Lamin\u00e9s H\u00eatre Bouleau \u00c9rable Fr\u00eane Ch\u00eane Cerisier Noyer Blanc Gris Noir\" \/>\n<meta property=\"og:url\" content=\"https:\/\/planoffice.com\/index.php\/fr\/feuilletes-et-lamines\/\" \/>\n<meta property=\"og:site_name\" content=\"Planoffice\" \/>\n<meta property=\"article:modified_time\" content=\"2022-11-04T10:49:10+00:00\" \/>\n<meta property=\"og:image\" content=\"https:\/\/planoffice.com\/wp-content\/uploads\/2021\/12\/Beech-1-150x150.jpg\" \/>\n<meta name=\"twitter:card\" content=\"summary_large_image\" \/>\n<meta name=\"twitter:label1\" content=\"Est. reading time\" \/>\n\t<meta name=\"twitter:data1\" content=\"4 minutes\" \/>\n<script type=\"application\/ld+json\" class=\"yoast-schema-graph\">{\"@context\":\"https:\/\/schema.org\",\"@graph\":[{\"@type\":\"WebSite\",\"@id\":\"https:\/\/planoffice.com\/#website\",\"url\":\"https:\/\/planoffice.com\/\",\"name\":\"Planoffice\",\"description\":\"\",\"potentialAction\":[{\"@type\":\"SearchAction\",\"target\":{\"@type\":\"EntryPoint\",\"urlTemplate\":\"https:\/\/planoffice.com\/?s={search_term_string}\"},\"query-input\":\"required name=search_term_string\"}],\"inLanguage\":\"en-US\"},{\"@type\":\"ImageObject\",\"@id\":\"https:\/\/planoffice.com\/index.php\/fr\/feuilletes-et-lamines\/#primaryimage\",\"inLanguage\":\"en-US\",\"url\":\"https:\/\/planoffice.com\/wp-content\/uploads\/2021\/12\/Beech-1.jpg\",\"contentUrl\":\"https:\/\/planoffice.com\/wp-content\/uploads\/2021\/12\/Beech-1.jpg\",\"width\":600,\"height\":600,\"caption\":\"Beech\"},{\"@type\":\"WebPage\",\"@id\":\"https:\/\/planoffice.com\/index.php\/fr\/feuilletes-et-lamines\/#webpage\",\"url\":\"https:\/\/planoffice.com\/index.php\/fr\/feuilletes-et-lamines\/\",\"name\":\"Feuillet\\u00e9s et Lamin\\u00e9s - Planoffice\",\"isPartOf\":{\"@id\":\"https:\/\/planoffice.com\/#website\"},\"primaryImageOfPage\":{\"@id\":\"https:\/\/planoffice.com\/index.php\/fr\/feuilletes-et-lamines\/#primaryimage\"},\"datePublished\":\"2022-11-04T10:47:23+00:00\",\"dateModified\":\"2022-11-04T10:49:10+00:00\",\"breadcrumb\":{\"@id\":\"https:\/\/planoffice.com\/index.php\/fr\/feuilletes-et-lamines\/#breadcrumb\"},\"inLanguage\":\"en-US\",\"potentialAction\":[{\"@type\":\"ReadAction\",\"target\":[\"https:\/\/planoffice.com\/index.php\/fr\/feuilletes-et-lamines\/\"]}]},{\"@type\":\"BreadcrumbList\",\"@id\":\"https:\/\/planoffice.com\/index.php\/fr\/feuilletes-et-lamines\/#breadcrumb\",\"itemListElement\":[{\"@type\":\"ListItem\",\"position\":1,\"name\":\"Home\",\"item\":\"https:\/\/planoffice.com\/\"},{\"@type\":\"ListItem\",\"position\":2,\"name\":\"Feuillet\\u00e9s et Lamin\\u00e9s\"}]}]}<\/script>\n<!-- \/ Yoast SEO plugin. -->","yoast_head_json":{"title":"Feuillet\u00e9s et Lamin\u00e9s - Planoffice","robots":{"index":"index","follow":"follow","max-snippet":"max-snippet:-1","max-image-preview":"max-image-preview:large","max-video-preview":"max-video-preview:-1"},"canonical":"https:\/\/planoffice.com\/index.php\/fr\/feuilletes-et-lamines\/","og_locale":"en_US","og_type":"article","og_title":"Feuillet\u00e9s et Lamin\u00e9s - Planoffice","og_description":"FINITIONS Feuillet\u00e9s H\u00eatre Birch \u00c9rable Fr\u00eane Ch\u00eane Cerisier Noyer Lamin\u00e9s H\u00eatre Bouleau \u00c9rable Fr\u00eane Ch\u00eane Cerisier Noyer Blanc Gris Noir","og_url":"https:\/\/planoffice.com\/index.php\/fr\/feuilletes-et-lamines\/","og_site_name":"Planoffice","article_modified_time":"2022-11-04T10:49:10+00:00","og_image":[{"url":"https:\/\/planoffice.com\/wp-content\/uploads\/2021\/12\/Beech-1-150x150.jpg"}],"twitter_card":"summary_large_image","twitter_misc":{"Est. reading time":"4 minutes"},"schema":{"@context":"https:\/\/schema.org","@graph":[{"@type":"WebSite","@id":"https:\/\/planoffice.com\/#website","url":"https:\/\/planoffice.com\/","name":"Planoffice","description":"","potentialAction":[{"@type":"SearchAction","target":{"@type":"EntryPoint","urlTemplate":"https:\/\/planoffice.com\/?s={search_term_string}"},"query-input":"required name=search_term_string"}],"inLanguage":"en-US"},{"@type":"ImageObject","@id":"https:\/\/planoffice.com\/index.php\/fr\/feuilletes-et-lamines\/#primaryimage","inLanguage":"en-US","url":"https:\/\/planoffice.com\/wp-content\/uploads\/2021\/12\/Beech-1.jpg","contentUrl":"https:\/\/planoffice.com\/wp-content\/uploads\/2021\/12\/Beech-1.jpg","width":600,"height":600,"caption":"Beech"},{"@type":"WebPage","@id":"https:\/\/planoffice.com\/index.php\/fr\/feuilletes-et-lamines\/#webpage","url":"https:\/\/planoffice.com\/index.php\/fr\/feuilletes-et-lamines\/","name":"Feuillet\u00e9s et Lamin\u00e9s - Planoffice","isPartOf":{"@id":"https:\/\/planoffice.com\/#website"},"primaryImageOfPage":{"@id":"https:\/\/planoffice.com\/index.php\/fr\/feuilletes-et-lamines\/#primaryimage"},"datePublished":"2022-11-04T10:47:23+00:00","dateModified":"2022-11-04T10:49:10+00:00","breadcrumb":{"@id":"https:\/\/planoffice.com\/index.php\/fr\/feuilletes-et-lamines\/#breadcrumb"},"inLanguage":"en-US","potentialAction":[{"@type":"ReadAction","target":["https:\/\/planoffice.com\/index.php\/fr\/feuilletes-et-lamines\/"]}]},{"@type":"BreadcrumbList","@id":"https:\/\/planoffice.com\/index.php\/fr\/feuilletes-et-lamines\/#breadcrumb","itemListElement":[{"@type":"ListItem","position":1,"name":"Home","item":"https:\/\/planoffice.com\/"},{"@type":"ListItem","position":2,"name":"Feuillet\u00e9s et Lamin\u00e9s"}]}]}},"_links":{"self":[{"href":"https:\/\/planoffice.com\/index.php\/wp-json\/wp\/v2\/pages\/12097"}],"collection":[{"href":"https:\/\/planoffice.com\/index.php\/wp-json\/wp\/v2\/pages"}],"about":[{"href":"https:\/\/planoffice.com\/index.php\/wp-json\/wp\/v2\/types\/page"}],"author":[{"embeddable":true,"href":"https:\/\/planoffice.com\/index.php\/wp-json\/wp\/v2\/users\/3"}],"replies":[{"embeddable":true,"href":"https:\/\/planoffice.com\/index.php\/wp-json\/wp\/v2\/comments?post=12097"}],"version-history":[{"count":7,"href":"https:\/\/planoffice.com\/index.php\/wp-json\/wp\/v2\/pages\/12097\/revisions"}],"predecessor-version":[{"id":12104,"href":"https:\/\/planoffice.com\/index.php\/wp-json\/wp\/v2\/pages\/12097\/revisions\/12104"}],"wp:attachment":[{"href":"https:\/\/planoffice.com\/index.php\/wp-json\/wp\/v2\/media?parent=12097"}],"curies":[{"name":"wp","href":"https:\/\/api.w.org\/{rel}","templated":true}]}}