{"id":10634,"date":"2021-12-09T11:29:38","date_gmt":"2021-12-09T11:29:38","guid":{"rendered":"https:\/\/castelhano-ferreira.pt\/?page_id=10634"},"modified":"2022-07-08T10:15:27","modified_gmt":"2022-07-08T10:15:27","slug":"press","status":"publish","type":"page","link":"https:\/\/planoffice.com\/index.php\/press\/","title":{"rendered":"Press"},"content":{"rendered":"\t\t<div data-elementor-type=\"wp-page\" data-elementor-id=\"10634\" class=\"elementor elementor-10634\" data-elementor-settings=\"[]\">\n\t\t\t\t\t\t<div class=\"elementor-inner\">\n\t\t\t\t\t\t\t<div class=\"elementor-section-wrap\">\n\t\t\t\t\t\t\t<section class=\"elementor-section elementor-top-section elementor-element elementor-element-c559918 elementor-section-height-min-height elementor-section-boxed elementor-section-height-default elementor-section-items-middle\" data-id=\"c559918\" data-element_type=\"section\">\n\t\t\t\t\t\t<div class=\"elementor-container elementor-column-gap-default\">\n\t\t\t\t\t\t\t<div class=\"elementor-row\">\n\t\t\t\t\t<div class=\"elementor-column elementor-col-100 elementor-top-column elementor-element elementor-element-3ae8ae3\" data-id=\"3ae8ae3\" data-element_type=\"column\">\n\t\t\t<div class=\"elementor-column-wrap elementor-element-populated\">\n\t\t\t\t\t\t\t<div class=\"elementor-widget-wrap\">\n\t\t\t\t\t\t<div class=\"elementor-element elementor-element-56dc80c uael-equal__height-yes elementor-widget elementor-widget-uael-posts\" data-id=\"56dc80c\" data-element_type=\"widget\" data-widget_type=\"uael-posts.classic\">\n\t\t\t\t<div class=\"elementor-widget-container\">\n\t\t\t\t\t<div class=\"uael-post__header\">\n\t\t\t\t\t<\/div>\n\t\t<div class=\"uael-post__body\">\n\t\t\t\n\t\t\n\t\t<div class=\"uael-blog-terms-position-above_content uael-post-image-top uael-post-grid uael-posts uael-post_structure-featured uael-featured_post_structure-inline\" data-query-type=\"custom\" data-structure=\"featured\" data-layout=\"\" data-page=\"10634\" data-skin=\"classic\" data-filter-default=\"\" data-offset-top=\"30\" >\n\n\t\t\t\t\t\t\t<div class=\"uael-post-grid__inner uael-post__columns-3 uael-post__columns-tablet-2 uael-post__columns-mobile-1\">\n\t\t\t\n<div class=\"uael-post-wrapper  uael-post-wrapper-featured by-planoffice \">\n\t<div class=\"uael-post__bg-wrap\">\n\n\t\t\t\t\n\t\t<div class=\"uael-post__inner-wrap\">\n\n\t\t\t\t<div class=\"uael-post__thumbnail\">\n\t\t\t\n\t\t\t<a href=\"https:\/\/planoffice.com\/index.php\/2022\/06\/01\/what-is-cf-solid-wood\/\" target=\"_self\" title=\"What is CF SOLID WOOD?\"><img src=\"https:\/\/planoffice.com\/wp-content\/uploads\/elementor\/thumbs\/solid-wood-website-1-ppoe0088sgkvwltqio8q1vazk41zizk9ujqrplq13k.png\" title=\"solid-wood-website\" alt=\"solid-wood-website\" \/><\/a>\n\t\t\t\t\t<\/div>\n\t\t\n\t\t\t\n\t\t\t<div class=\"uael-post__content-wrap\">\n\t\t\t\t\t\t\t<div class=\"uael-post__terms-wrap\"><span class=\"uael-post__terms\"><a href=\"https:\/\/planoffice.com\/index.php\/category\/by-planoffice\/\" class=\"uael-listing__terms-link\" id=\"uael-post-term-by planoffice\" aria-labelledby=\"uael-post-term-by planoffice\">by Planoffice<\/a><\/span><\/div>\n\t\t\t\t\t\t<h3 class=\"uael-post__title\">\n\n\t\t\n\t\t\t\t\t\t<a href=\"https:\/\/planoffice.com\/index.php\/2022\/06\/01\/what-is-cf-solid-wood\/\" target=\"_self\">\n\t\t\t\tWhat is CF SOLID WOOD?\t\t\t<\/a>\n\n\t\t\t\t<\/h3>\n\t\t\n\t\t<div class=\"uael-post__meta-data\">\n\n\t\t\t\t<span class=\"uael-post__date\">\n\t\t\t\t\t\t\t\t\t\t\t\t\t\t\t\t\t\t\t\t\t\t\n\t\t\tJune 1, 2022\t\t<\/span>\n\t\t\t\t<span class=\"uael-post__comments\">\n\t\t\t\t\t\t\t\t\t\t\t\t<i aria-hidden=\"true\" class=\"fa fa-comments\"><\/i>\t\t\t\t\t\t\t\t\t\tNo Comments\t\t<\/span>\n\t\t\n\t\t<\/div>\n\n\t\t\t\t<div class=\"uael-post__excerpt\">\n\t\t\t<p>Ac\u00fastica 21, CF SOLID WOOD panels not only upgrade the comfort but also the aesthetics of your workspace through the use of solid wood and &#8230;<\/p>\n\t\t<\/div>\n\t\t\t\t\t<a class=\"uael-post__read-more elementor-button\" href=\"https:\/\/planoffice.com\/index.php\/2022\/06\/01\/what-is-cf-solid-wood\/\" target=\"_self\" aria-labelledby=\"uael-post-11243\">\n\t\t\t\t\t<span class=\"elementor-button-content-wrapper\">\n\t\t\t\t\t\t\t\t\t\t\t\t\t\t<span class=\"elementor-button-icon elementor-align-icon-right\">\n\n\t\t\t\t\t\t\t\t\t\n\t\t\t\t\t\t\t\t<\/span>\n\t\t\t\t\t\t\t\t\t\t\t\t\t\n\t\t\t\t\t\t<span class=\"elementor-button-text\" id=uael-post-11243>Read More<\/span>\n\t\t\t\t\t<\/span>\n\t\t\t\t<\/a>\n\t\t\t\t\t\t<\/div>\n\t\t\t\n\t\t<\/div>\n\t\t\n\t<\/div>\n\n<\/div>\n\n<div class=\"uael-post-wrapper   por-castelhano-e-ferreira \">\n\t<div class=\"uael-post__bg-wrap\">\n\n\t\t\t\t\n\t\t<div class=\"uael-post__inner-wrap\">\n\n\t\t\t\t<div class=\"uael-post__thumbnail\">\n\t\t\t\n\t\t\t<a href=\"https:\/\/planoffice.com\/index.php\/2022\/06\/01\/o-que-e-o-cf-solid-wood\/\" target=\"_self\" title=\"O que \u00e9 o CF SOLID WOOD?\"><img src=\"https:\/\/planoffice.com\/wp-content\/uploads\/elementor\/thumbs\/solid-wood-website-ppoct7mrmzzxbpzjeob7162hxkze32o7mqhy536ads.png\" title=\"solid-wood-website\" alt=\"solid-wood-website\" \/><\/a>\n\t\t\t\t\t<\/div>\n\t\t\n\t\t\t\n\t\t\t<div class=\"uael-post__content-wrap\">\n\t\t\t\t\t\t\t<div class=\"uael-post__terms-wrap\"><span class=\"uael-post__terms\"><a href=\"https:\/\/planoffice.com\/index.php\/category\/por-castelhano-e-ferreira\/\" class=\"uael-listing__terms-link\" id=\"uael-post-term-por castelhano e ferreira\" aria-labelledby=\"uael-post-term-por castelhano e ferreira\">por Castelhano e Ferreira<\/a><\/span><\/div>\n\t\t\t\t\t\t<h3 class=\"uael-post__title\">\n\n\t\t\n\t\t\t\t\t\t<a href=\"https:\/\/planoffice.com\/index.php\/2022\/06\/01\/o-que-e-o-cf-solid-wood\/\" target=\"_self\">\n\t\t\t\tO que \u00e9 o CF SOLID WOOD?\t\t\t<\/a>\n\n\t\t\t\t<\/h3>\n\t\t\t\t\t<div class=\"uael-post__meta-data\">\n\t\t\t\t\t<span class=\"uael-post__date\">\n\t\t\t\t\t\t\t\t\t\t\t\t\t\t\t\t\t\t\t\t\t\t\n\t\t\tJune 1, 2022\t\t<\/span>\n\t\t\t\t<span class=\"uael-post__comments\">\n\t\t\t\t\t\t\t\t\t\t\t\t<i aria-hidden=\"true\" class=\"fa fa-comments\"><\/i>\t\t\t\t\t\t\t\t\t\tNo Comments\t\t<\/span>\n\t\t\t\t<\/div>\n\t\t\n\t\t<div class=\"uael-post__excerpt\">\n\t\t\t<p>Os pain\u00e9is ac\u00fasticos CF SOLID WOOD, da Ac\u00fastica 21, n\u00e3o s\u00f3 elevam a comodidade como tamb\u00e9m a est\u00e9tica do espa\u00e7o de trabalho atrav\u00e9s da utiliza\u00e7\u00e3o de madeira maci\u00e7a &#8230;<\/p>\n\t\t<\/div>\n\n\t\t\t\t\t<a class=\"uael-post__read-more elementor-button\" href=\"https:\/\/planoffice.com\/index.php\/2022\/06\/01\/o-que-e-o-cf-solid-wood\/\" target=\"_self\" aria-labelledby=\"uael-post-11240\">\n\t\t\t\t\t<span class=\"elementor-button-content-wrapper\">\n\t\t\t\t\t\t\t\t\t\t\t\t\t\t<span class=\"elementor-button-icon elementor-align-icon-right\">\n\n\t\t\t\t\t\t\t\t\t\n\t\t\t\t\t\t\t\t<\/span>\n\t\t\t\t\t\t\t\t\t\t\t\t\t\n\t\t\t\t\t\t<span class=\"elementor-button-text\" id=uael-post-11240>Read More<\/span>\n\t\t\t\t\t<\/span>\n\t\t\t\t<\/a>\n\t\t\t\t\t\t<\/div>\n\t\t\t\n\t\t<\/div>\n\t\t\n\t<\/div>\n\n<\/div>\n\n<div class=\"uael-post-wrapper   by-planoffice \">\n\t<div class=\"uael-post__bg-wrap\">\n\n\t\t\t\t\n\t\t<div class=\"uael-post__inner-wrap\">\n\n\t\t\t\t<div class=\"uael-post__thumbnail\">\n\t\t\t\n\t\t\t<a href=\"https:\/\/planoffice.com\/index.php\/fr\/2022\/06\/01\/quest-ce-que-le-cf-solid-wood\/\" target=\"_self\" title=\"Qu\u2019est-ce que le CF SOLID WOOD?\"><img src=\"https:\/\/planoffice.com\/wp-content\/uploads\/elementor\/thumbs\/solid-wood-website-1-ppoe0088sgkvwltqio8q1vazk41zizk9ujqrplq13k.png\" title=\"solid-wood-website\" alt=\"solid-wood-website\" \/><\/a>\n\t\t\t\t\t<\/div>\n\t\t\n\t\t\t\n\t\t\t<div class=\"uael-post__content-wrap\">\n\t\t\t\t\t\t\t<div class=\"uael-post__terms-wrap\"><span class=\"uael-post__terms\"><a href=\"https:\/\/planoffice.com\/index.php\/fr\/category\/by-planoffice-fr\/\" class=\"uael-listing__terms-link\" id=\"uael-post-term-by planoffice\" aria-labelledby=\"uael-post-term-by planoffice\">by Planoffice<\/a><\/span><\/div>\n\t\t\t\t\t\t<h3 class=\"uael-post__title\">\n\n\t\t\n\t\t\t\t\t\t<a href=\"https:\/\/planoffice.com\/index.php\/fr\/2022\/06\/01\/quest-ce-que-le-cf-solid-wood\/\" target=\"_self\">\n\t\t\t\tQu\u2019est-ce que le CF SOLID WOOD?\t\t\t<\/a>\n\n\t\t\t\t<\/h3>\n\t\t\t\t\t<div class=\"uael-post__meta-data\">\n\t\t\t\t\t<span class=\"uael-post__date\">\n\t\t\t\t\t\t\t\t\t\t\t\t\t\t\t\t\t\t\t\t\t\t\n\t\t\tJune 1, 2022\t\t<\/span>\n\t\t\t\t<span class=\"uael-post__comments\">\n\t\t\t\t\t\t\t\t\t\t\t\t<i aria-hidden=\"true\" class=\"fa fa-comments\"><\/i>\t\t\t\t\t\t\t\t\t\tNo Comments\t\t<\/span>\n\t\t\t\t<\/div>\n\t\t\n\t\t<div class=\"uael-post__excerpt\">\n\t\t\t<p>Les panneaux acoustiques CF SOLID WOOD, de Ac\u00fastica&nbsp;21, renforcent non seulement l\u2019aspect confortable, mais aussi esth\u00e9tique de l\u2019espace de travail, gr\u00e2ce \u00e0 l\u2019utilisation de bois massif et de &#8230;<\/p>\n\t\t<\/div>\n\n\t\t\t\t\t<a class=\"uael-post__read-more elementor-button\" href=\"https:\/\/planoffice.com\/index.php\/fr\/2022\/06\/01\/quest-ce-que-le-cf-solid-wood\/\" target=\"_self\" aria-labelledby=\"uael-post-12254\">\n\t\t\t\t\t<span class=\"elementor-button-content-wrapper\">\n\t\t\t\t\t\t\t\t\t\t\t\t\t\t<span class=\"elementor-button-icon elementor-align-icon-right\">\n\n\t\t\t\t\t\t\t\t\t\n\t\t\t\t\t\t\t\t<\/span>\n\t\t\t\t\t\t\t\t\t\t\t\t\t\n\t\t\t\t\t\t<span class=\"elementor-button-text\" id=uael-post-12254>Read More<\/span>\n\t\t\t\t\t<\/span>\n\t\t\t\t<\/a>\n\t\t\t\t\t\t<\/div>\n\t\t\t\n\t\t<\/div>\n\t\t\n\t<\/div>\n\n<\/div>\n\n<div class=\"uael-post-wrapper   by-planoffice \">\n\t<div class=\"uael-post__bg-wrap\">\n\n\t\t\t\t\n\t\t<div class=\"uael-post__inner-wrap\">\n\n\t\t\t\t<div class=\"uael-post__thumbnail\">\n\t\t\t\n\t\t\t<a href=\"https:\/\/planoffice.com\/index.php\/2022\/05\/11\/acoustics-in-your-workspace\/\" target=\"_self\" title=\"Precautions to be taken in sound insulation\"><img src=\"https:\/\/planoffice.com\/wp-content\/uploads\/elementor\/thumbs\/1234_Prancheta-172_Prancheta-1-1-ponvchgl1srrp7ow03b4jsyyavdtfel0x2en3upl3k.png\" title=\"sound insulation\" alt=\"sound insulation\" \/><\/a>\n\t\t\t\t\t<\/div>\n\t\t\n\t\t\t\n\t\t\t<div class=\"uael-post__content-wrap\">\n\t\t\t\t\t\t\t<div class=\"uael-post__terms-wrap\"><span class=\"uael-post__terms\"><a href=\"https:\/\/planoffice.com\/index.php\/category\/by-planoffice\/\" class=\"uael-listing__terms-link\" id=\"uael-post-term-by planoffice\" aria-labelledby=\"uael-post-term-by planoffice\">by Planoffice<\/a><\/span><\/div>\n\t\t\t\t\t\t<h3 class=\"uael-post__title\">\n\n\t\t\n\t\t\t\t\t\t<a href=\"https:\/\/planoffice.com\/index.php\/2022\/05\/11\/acoustics-in-your-workspace\/\" target=\"_self\">\n\t\t\t\tPrecautions to be taken in sound insulation\t\t\t<\/a>\n\n\t\t\t\t<\/h3>\n\t\t\t\t\t<div class=\"uael-post__meta-data\">\n\t\t\t\t\t<span class=\"uael-post__date\">\n\t\t\t\t\t\t\t\t\t\t\t\t\t\t\t\t\t\t\t\t\t\t\n\t\t\tMay 11, 2022\t\t<\/span>\n\t\t\t\t<span class=\"uael-post__comments\">\n\t\t\t\t\t\t\t\t\t\t\t\t<i aria-hidden=\"true\" class=\"fa fa-comments\"><\/i>\t\t\t\t\t\t\t\t\t\tNo Comments\t\t<\/span>\n\t\t\t\t<\/div>\n\t\t\n\t\t<div class=\"uael-post__excerpt\">\n\t\t\t<p>Adversities with acoustics in your workspace? We can help you. You should keep in mind that the sound spreads from the outside to the inside and vice versa. &#8230;<\/p>\n\t\t<\/div>\n\n\t\t\t\t\t<a class=\"uael-post__read-more elementor-button\" href=\"https:\/\/planoffice.com\/index.php\/2022\/05\/11\/acoustics-in-your-workspace\/\" target=\"_self\" aria-labelledby=\"uael-post-11235\">\n\t\t\t\t\t<span class=\"elementor-button-content-wrapper\">\n\t\t\t\t\t\t\t\t\t\t\t\t\t\t<span class=\"elementor-button-icon elementor-align-icon-right\">\n\n\t\t\t\t\t\t\t\t\t\n\t\t\t\t\t\t\t\t<\/span>\n\t\t\t\t\t\t\t\t\t\t\t\t\t\n\t\t\t\t\t\t<span class=\"elementor-button-text\" id=uael-post-11235>Read More<\/span>\n\t\t\t\t\t<\/span>\n\t\t\t\t<\/a>\n\t\t\t\t\t\t<\/div>\n\t\t\t\n\t\t<\/div>\n\t\t\n\t<\/div>\n\n<\/div>\n\n<div class=\"uael-post-wrapper   por-castelhano-e-ferreira \">\n\t<div class=\"uael-post__bg-wrap\">\n\n\t\t\t\t\n\t\t<div class=\"uael-post__inner-wrap\">\n\n\t\t\t\t<div class=\"uael-post__thumbnail\">\n\t\t\t\n\t\t\t<a href=\"https:\/\/planoffice.com\/index.php\/2022\/05\/11\/acustica-do-seu-espaco-de-trabalho\/\" target=\"_self\" title=\"Cuidados a ter no Isolamento Ac\u00fastico\"><img src=\"https:\/\/planoffice.com\/wp-content\/uploads\/elementor\/thumbs\/1234_Prancheta-172_Prancheta-1-pontt7k95j3qypzbrp5xf944q5trs659nhbq52o100.png\" title=\"Cuidados Isolamento\" alt=\"Cuidados Isolamento\" \/><\/a>\n\t\t\t\t\t<\/div>\n\t\t\n\t\t\t\n\t\t\t<div class=\"uael-post__content-wrap\">\n\t\t\t\t\t\t\t<div class=\"uael-post__terms-wrap\"><span class=\"uael-post__terms\"><a href=\"https:\/\/planoffice.com\/index.php\/category\/por-castelhano-e-ferreira\/\" class=\"uael-listing__terms-link\" id=\"uael-post-term-por castelhano e ferreira\" aria-labelledby=\"uael-post-term-por castelhano e ferreira\">por Castelhano e Ferreira<\/a><\/span><\/div>\n\t\t\t\t\t\t<h3 class=\"uael-post__title\">\n\n\t\t\n\t\t\t\t\t\t<a href=\"https:\/\/planoffice.com\/index.php\/2022\/05\/11\/acustica-do-seu-espaco-de-trabalho\/\" target=\"_self\">\n\t\t\t\tCuidados a ter no Isolamento Ac\u00fastico\t\t\t<\/a>\n\n\t\t\t\t<\/h3>\n\t\t\t\t\t<div class=\"uael-post__meta-data\">\n\t\t\t\t\t<span class=\"uael-post__date\">\n\t\t\t\t\t\t\t\t\t\t\t\t\t\t\t\t\t\t\t\t\t\t\n\t\t\tMay 11, 2022\t\t<\/span>\n\t\t\t\t<span class=\"uael-post__comments\">\n\t\t\t\t\t\t\t\t\t\t\t\t<i aria-hidden=\"true\" class=\"fa fa-comments\"><\/i>\t\t\t\t\t\t\t\t\t\tNo Comments\t\t<\/span>\n\t\t\t\t<\/div>\n\t\t\n\t\t<div class=\"uael-post__excerpt\">\n\t\t\t<p>Adversidades com a ac\u00fastica do seu espa\u00e7o de trabalho? N\u00f3s podemos ajudar. Deve ter em considera\u00e7\u00e3o que o som se propaga de dentro para fora e de fora &#8230;<\/p>\n\t\t<\/div>\n\n\t\t\t\t\t<a class=\"uael-post__read-more elementor-button\" href=\"https:\/\/planoffice.com\/index.php\/2022\/05\/11\/acustica-do-seu-espaco-de-trabalho\/\" target=\"_self\" aria-labelledby=\"uael-post-11232\">\n\t\t\t\t\t<span class=\"elementor-button-content-wrapper\">\n\t\t\t\t\t\t\t\t\t\t\t\t\t\t<span class=\"elementor-button-icon elementor-align-icon-right\">\n\n\t\t\t\t\t\t\t\t\t\n\t\t\t\t\t\t\t\t<\/span>\n\t\t\t\t\t\t\t\t\t\t\t\t\t\n\t\t\t\t\t\t<span class=\"elementor-button-text\" id=uael-post-11232>Read More<\/span>\n\t\t\t\t\t<\/span>\n\t\t\t\t<\/a>\n\t\t\t\t\t\t<\/div>\n\t\t\t\n\t\t<\/div>\n\t\t\n\t<\/div>\n\n<\/div>\n\t\t\t\t<\/div>\n\t\t\t\t\t\t\n\t\t<\/div>\n\n\t\t\t\t\t\t<\/div>\n\t\t<div class=\"uael-post__footer\">\n\t\t\t\t\t\t<nav class=\"uael-grid-pagination\"  role=\"navigation\" aria-label=\"Pagination\" data-total=\"5\" data-next-page=\"2\">\n\t\t\t\t<span class=\"page-numbers current\">1<\/span>\n<a class=\"page-numbers\" href=\"https:\/\/planoffice.com\/index.php\/wp-json\/wp\/v2\/pages\/10634\/page\/2\/\">2<\/a>\n<a class=\"page-numbers\" href=\"https:\/\/planoffice.com\/index.php\/wp-json\/wp\/v2\/pages\/10634\/page\/3\/\">3<\/a>\n<span class=\"page-numbers dots\">&hellip;<\/span>\n<a class=\"page-numbers\" href=\"https:\/\/planoffice.com\/index.php\/wp-json\/wp\/v2\/pages\/10634\/page\/5\/\">5<\/a>\n<a class=\"next page-numbers\" href=\"https:\/\/planoffice.com\/index.php\/wp-json\/wp\/v2\/pages\/10634\/page\/2\/\">Next &raquo;<\/a>\t\t\t<\/nav>\n\t\t\t\t\t<\/div>\n\t\t\t\t<\/div>\n\t\t\t\t<\/div>\n\t\t\t\t\t\t<\/div>\n\t\t\t\t\t<\/div>\n\t\t<\/div>\n\t\t\t\t\t\t\t\t<\/div>\n\t\t\t\t\t<\/div>\n\t\t<\/section>\n\t\t\t\t\t\t<\/div>\n\t\t\t\t\t\t<\/div>\n\t\t\t\t\t<\/div>\n\t\t","protected":false},"excerpt":{"rendered":"<p>by Castelhano e Ferreira What is CF SOLID WOOD? June 1, 2022 No Comments Ac\u00fastica 21, CF SOLID WOOD panels not only upgrade the comfort but also the aesthetics of your workspace through the use of solid wood and &#8230; Read More by Castelhano e Ferreira Precautions to be taken in sound insulation May 11, [&hellip;]<\/p>\n","protected":false},"author":3,"featured_media":0,"parent":0,"menu_order":0,"comment_status":"closed","ping_status":"closed","template":"elementor_header_footer","meta":[],"yoast_head":"<!-- This site is optimized with the Yoast SEO plugin v17.3 - https:\/\/yoast.com\/wordpress\/plugins\/seo\/ -->\n<title>Press - Planoffice<\/title>\n<meta name=\"robots\" content=\"index, follow, max-snippet:-1, max-image-preview:large, max-video-preview:-1\" \/>\n<link rel=\"canonical\" href=\"https:\/\/planoffice.com\/index.php\/press\/\" \/>\n<meta property=\"og:locale\" content=\"en_US\" \/>\n<meta property=\"og:type\" content=\"article\" \/>\n<meta property=\"og:title\" content=\"Press - Planoffice\" \/>\n<meta property=\"og:description\" content=\"by Castelhano e Ferreira What is CF SOLID WOOD? June 1, 2022 No Comments Ac\u00fastica 21, CF SOLID WOOD panels not only upgrade the comfort but also the aesthetics of your workspace through the use of solid wood and &#8230; Read More by Castelhano e Ferreira Precautions to be taken in sound insulation May 11, [&hellip;]\" \/>\n<meta property=\"og:url\" content=\"https:\/\/planoffice.com\/index.php\/press\/\" \/>\n<meta property=\"og:site_name\" content=\"Planoffice\" \/>\n<meta property=\"article:modified_time\" content=\"2022-07-08T10:15:27+00:00\" \/>\n<meta property=\"og:image\" content=\"https:\/\/planoffice.com\/wp-content\/uploads\/elementor\/thumbs\/solid-wood-website-1-ppoe0088sgkvwltqio8q1vazk41zizk9ujqrplq13k.png\" \/>\n<meta name=\"twitter:card\" content=\"summary_large_image\" \/>\n<meta name=\"twitter:label1\" content=\"Est. reading time\" \/>\n\t<meta name=\"twitter:data1\" content=\"2 minutes\" \/>\n<script type=\"application\/ld+json\" class=\"yoast-schema-graph\">{\"@context\":\"https:\/\/schema.org\",\"@graph\":[{\"@type\":\"WebSite\",\"@id\":\"https:\/\/planoffice.com\/#website\",\"url\":\"https:\/\/planoffice.com\/\",\"name\":\"Planoffice\",\"description\":\"\",\"potentialAction\":[{\"@type\":\"SearchAction\",\"target\":{\"@type\":\"EntryPoint\",\"urlTemplate\":\"https:\/\/planoffice.com\/?s={search_term_string}\"},\"query-input\":\"required name=search_term_string\"}],\"inLanguage\":\"en-US\"},{\"@type\":\"ImageObject\",\"@id\":\"https:\/\/planoffice.com\/index.php\/press\/#primaryimage\",\"inLanguage\":\"en-US\",\"url\":\"https:\/\/planoffice.com\/wp-content\/uploads\/elementor\/thumbs\/solid-wood-website-1-ppoe0088sgkvwltqio8q1vazk41zizk9ujqrplq13k.png\",\"contentUrl\":\"https:\/\/planoffice.com\/wp-content\/uploads\/elementor\/thumbs\/solid-wood-website-1-ppoe0088sgkvwltqio8q1vazk41zizk9ujqrplq13k.png\"},{\"@type\":\"WebPage\",\"@id\":\"https:\/\/planoffice.com\/index.php\/press\/#webpage\",\"url\":\"https:\/\/planoffice.com\/index.php\/press\/\",\"name\":\"Press - Planoffice\",\"isPartOf\":{\"@id\":\"https:\/\/planoffice.com\/#website\"},\"primaryImageOfPage\":{\"@id\":\"https:\/\/planoffice.com\/index.php\/press\/#primaryimage\"},\"datePublished\":\"2021-12-09T11:29:38+00:00\",\"dateModified\":\"2022-07-08T10:15:27+00:00\",\"breadcrumb\":{\"@id\":\"https:\/\/planoffice.com\/index.php\/press\/#breadcrumb\"},\"inLanguage\":\"en-US\",\"potentialAction\":[{\"@type\":\"ReadAction\",\"target\":[\"https:\/\/planoffice.com\/index.php\/press\/\"]}]},{\"@type\":\"BreadcrumbList\",\"@id\":\"https:\/\/planoffice.com\/index.php\/press\/#breadcrumb\",\"itemListElement\":[{\"@type\":\"ListItem\",\"position\":1,\"name\":\"Home\",\"item\":\"https:\/\/planoffice.com\/\"},{\"@type\":\"ListItem\",\"position\":2,\"name\":\"Press\"}]}]}<\/script>\n<!-- \/ Yoast SEO plugin. -->","yoast_head_json":{"title":"Press - Planoffice","robots":{"index":"index","follow":"follow","max-snippet":"max-snippet:-1","max-image-preview":"max-image-preview:large","max-video-preview":"max-video-preview:-1"},"canonical":"https:\/\/planoffice.com\/index.php\/press\/","og_locale":"en_US","og_type":"article","og_title":"Press - Planoffice","og_description":"by Castelhano e Ferreira What is CF SOLID WOOD? June 1, 2022 No Comments Ac\u00fastica 21, CF SOLID WOOD panels not only upgrade the comfort but also the aesthetics of your workspace through the use of solid wood and &#8230; Read More by Castelhano e Ferreira Precautions to be taken in sound insulation May 11, [&hellip;]","og_url":"https:\/\/planoffice.com\/index.php\/press\/","og_site_name":"Planoffice","article_modified_time":"2022-07-08T10:15:27+00:00","og_image":[{"url":"https:\/\/planoffice.com\/wp-content\/uploads\/elementor\/thumbs\/solid-wood-website-1-ppoe0088sgkvwltqio8q1vazk41zizk9ujqrplq13k.png"}],"twitter_card":"summary_large_image","twitter_misc":{"Est. reading time":"2 minutes"},"schema":{"@context":"https:\/\/schema.org","@graph":[{"@type":"WebSite","@id":"https:\/\/planoffice.com\/#website","url":"https:\/\/planoffice.com\/","name":"Planoffice","description":"","potentialAction":[{"@type":"SearchAction","target":{"@type":"EntryPoint","urlTemplate":"https:\/\/planoffice.com\/?s={search_term_string}"},"query-input":"required name=search_term_string"}],"inLanguage":"en-US"},{"@type":"ImageObject","@id":"https:\/\/planoffice.com\/index.php\/press\/#primaryimage","inLanguage":"en-US","url":"https:\/\/planoffice.com\/wp-content\/uploads\/elementor\/thumbs\/solid-wood-website-1-ppoe0088sgkvwltqio8q1vazk41zizk9ujqrplq13k.png","contentUrl":"https:\/\/planoffice.com\/wp-content\/uploads\/elementor\/thumbs\/solid-wood-website-1-ppoe0088sgkvwltqio8q1vazk41zizk9ujqrplq13k.png"},{"@type":"WebPage","@id":"https:\/\/planoffice.com\/index.php\/press\/#webpage","url":"https:\/\/planoffice.com\/index.php\/press\/","name":"Press - Planoffice","isPartOf":{"@id":"https:\/\/planoffice.com\/#website"},"primaryImageOfPage":{"@id":"https:\/\/planoffice.com\/index.php\/press\/#primaryimage"},"datePublished":"2021-12-09T11:29:38+00:00","dateModified":"2022-07-08T10:15:27+00:00","breadcrumb":{"@id":"https:\/\/planoffice.com\/index.php\/press\/#breadcrumb"},"inLanguage":"en-US","potentialAction":[{"@type":"ReadAction","target":["https:\/\/planoffice.com\/index.php\/press\/"]}]},{"@type":"BreadcrumbList","@id":"https:\/\/planoffice.com\/index.php\/press\/#breadcrumb","itemListElement":[{"@type":"ListItem","position":1,"name":"Home","item":"https:\/\/planoffice.com\/"},{"@type":"ListItem","position":2,"name":"Press"}]}]}},"_links":{"self":[{"href":"https:\/\/planoffice.com\/index.php\/wp-json\/wp\/v2\/pages\/10634"}],"collection":[{"href":"https:\/\/planoffice.com\/index.php\/wp-json\/wp\/v2\/pages"}],"about":[{"href":"https:\/\/planoffice.com\/index.php\/wp-json\/wp\/v2\/types\/page"}],"author":[{"embeddable":true,"href":"https:\/\/planoffice.com\/index.php\/wp-json\/wp\/v2\/users\/3"}],"replies":[{"embeddable":true,"href":"https:\/\/planoffice.com\/index.php\/wp-json\/wp\/v2\/comments?post=10634"}],"version-history":[{"count":7,"href":"https:\/\/planoffice.com\/index.php\/wp-json\/wp\/v2\/pages\/10634\/revisions"}],"predecessor-version":[{"id":11254,"href":"https:\/\/planoffice.com\/index.php\/wp-json\/wp\/v2\/pages\/10634\/revisions\/11254"}],"wp:attachment":[{"href":"https:\/\/planoffice.com\/index.php\/wp-json\/wp\/v2\/media?parent=10634"}],"curies":[{"name":"wp","href":"https:\/\/api.w.org\/{rel}","templated":true}]}}